{"id":425,"date":"2024-11-12T12:33:01","date_gmt":"2024-11-12T10:33:01","guid":{"rendered":"https:\/\/b-critic.ro\/efectedescena\/?page_id=425"},"modified":"2024-11-12T16:42:38","modified_gmt":"2024-11-12T14:42:38","slug":"trailere","status":"publish","type":"page","link":"https:\/\/b-critic.ro\/efectedescena\/trailere\/","title":{"rendered":"Trailere"},"content":{"rendered":"\n<figure class=\"wp-block-gallery alignwide has-nested-images columns-2 is-cropped wp-block-gallery-1 is-layout-flex wp-block-gallery-is-layout-flex\">\n<figure class=\"wp-block-image size-full\"><a href=\"https:\/\/www.youtube.com\/watch?v=5exM5ZxeWvw\"><img data-recalc-dims=\"1\" loading=\"lazy\" decoding=\"async\" width=\"600\" height=\"450\" data-id=\"464\" src=\"https:\/\/i0.wp.com\/b-critic.ro\/efectedescena\/wp-content\/uploads\/2024\/11\/SIDY-THAL.webp?resize=600%2C450&#038;ssl=1\" alt=\"\" class=\"wp-image-464\" srcset=\"https:\/\/i0.wp.com\/b-critic.ro\/efectedescena\/wp-content\/uploads\/2024\/11\/SIDY-THAL.webp?w=600&amp;ssl=1 600w, https:\/\/i0.wp.com\/b-critic.ro\/efectedescena\/wp-content\/uploads\/2024\/11\/SIDY-THAL.webp?resize=300%2C225&amp;ssl=1 300w\" sizes=\"auto, (max-width: 600px) 100vw, 600px\" \/><\/a><\/figure>\n\n\n\n<figure class=\"wp-block-image size-full\"><a href=\"https:\/\/youtu.be\/NHZimpThKWo?si=vJ1naFcG8mDR0kTc\"><img data-recalc-dims=\"1\" loading=\"lazy\" decoding=\"async\" width=\"600\" height=\"450\" data-id=\"456\" src=\"https:\/\/i0.wp.com\/b-critic.ro\/efectedescena\/wp-content\/uploads\/2024\/11\/oameni.webp?resize=600%2C450&#038;ssl=1\" alt=\"\" class=\"wp-image-456\" srcset=\"https:\/\/i0.wp.com\/b-critic.ro\/efectedescena\/wp-content\/uploads\/2024\/11\/oameni.webp?w=600&amp;ssl=1 600w, https:\/\/i0.wp.com\/b-critic.ro\/efectedescena\/wp-content\/uploads\/2024\/11\/oameni.webp?resize=300%2C225&amp;ssl=1 300w\" sizes=\"auto, (max-width: 600px) 100vw, 600px\" \/><\/a><\/figure>\n\n\n\n<figure class=\"wp-block-image size-full\"><a href=\"https:\/\/youtu.be\/mPQAJg6yF3g?si=CLQUF2LcZ7jLx0gj\"><img data-recalc-dims=\"1\" loading=\"lazy\" decoding=\"async\" width=\"600\" height=\"450\" data-id=\"447\" src=\"https:\/\/i0.wp.com\/b-critic.ro\/efectedescena\/wp-content\/uploads\/2024\/11\/balena.webp?resize=600%2C450&#038;ssl=1\" alt=\"\" class=\"wp-image-447\" srcset=\"https:\/\/i0.wp.com\/b-critic.ro\/efectedescena\/wp-content\/uploads\/2024\/11\/balena.webp?w=600&amp;ssl=1 600w, https:\/\/i0.wp.com\/b-critic.ro\/efectedescena\/wp-content\/uploads\/2024\/11\/balena.webp?resize=300%2C225&amp;ssl=1 300w\" sizes=\"auto, (max-width: 600px) 100vw, 600px\" \/><\/a><\/figure>\n\n\n\n<figure class=\"wp-block-image size-full\"><img data-recalc-dims=\"1\" loading=\"lazy\" decoding=\"async\" width=\"600\" height=\"450\" data-id=\"460\" src=\"https:\/\/i0.wp.com\/b-critic.ro\/efectedescena\/wp-content\/uploads\/2024\/11\/pricop.webp?resize=600%2C450&#038;ssl=1\" alt=\"\" class=\"wp-image-460\" srcset=\"https:\/\/i0.wp.com\/b-critic.ro\/efectedescena\/wp-content\/uploads\/2024\/11\/pricop.webp?w=600&amp;ssl=1 600w, https:\/\/i0.wp.com\/b-critic.ro\/efectedescena\/wp-content\/uploads\/2024\/11\/pricop.webp?resize=300%2C225&amp;ssl=1 300w\" sizes=\"auto, (max-width: 600px) 100vw, 600px\" \/><\/figure>\n\n\n\n<figure class=\"wp-block-image size-full\"><a href=\"https:\/\/youtu.be\/rU12sJvGhVQ?si=Qbpq_UnkOGT3UiKp\"><img data-recalc-dims=\"1\" loading=\"lazy\" decoding=\"async\" width=\"600\" height=\"450\" data-id=\"444\" src=\"https:\/\/i0.wp.com\/b-critic.ro\/efectedescena\/wp-content\/uploads\/2024\/11\/cine.webp?resize=600%2C450&#038;ssl=1\" alt=\"\" class=\"wp-image-444\" srcset=\"https:\/\/i0.wp.com\/b-critic.ro\/efectedescena\/wp-content\/uploads\/2024\/11\/cine.webp?w=600&amp;ssl=1 600w, https:\/\/i0.wp.com\/b-critic.ro\/efectedescena\/wp-content\/uploads\/2024\/11\/cine.webp?resize=300%2C225&amp;ssl=1 300w\" sizes=\"auto, (max-width: 600px) 100vw, 600px\" \/><\/a><\/figure>\n\n\n\n<figure class=\"wp-block-image size-full\"><a href=\"https:\/\/youtu.be\/r5Po2A4ltcA?si=R-HCv7ohnaVgPj72\"><img data-recalc-dims=\"1\" loading=\"lazy\" decoding=\"async\" width=\"600\" height=\"450\" data-id=\"458\" src=\"https:\/\/i0.wp.com\/b-critic.ro\/efectedescena\/wp-content\/uploads\/2024\/11\/pisici.webp?resize=600%2C450&#038;ssl=1\" alt=\"\" class=\"wp-image-458\" srcset=\"https:\/\/i0.wp.com\/b-critic.ro\/efectedescena\/wp-content\/uploads\/2024\/11\/pisici.webp?w=600&amp;ssl=1 600w, https:\/\/i0.wp.com\/b-critic.ro\/efectedescena\/wp-content\/uploads\/2024\/11\/pisici.webp?resize=300%2C225&amp;ssl=1 300w\" sizes=\"auto, (max-width: 600px) 100vw, 600px\" \/><\/a><\/figure>\n\n\n\n<figure class=\"wp-block-image size-full\"><a href=\"https:\/\/www.youtube.com\/watch?v=CsDRB5XRjZ4\"><img data-recalc-dims=\"1\" loading=\"lazy\" decoding=\"async\" width=\"600\" height=\"450\" data-id=\"461\" src=\"https:\/\/i0.wp.com\/b-critic.ro\/efectedescena\/wp-content\/uploads\/2024\/11\/pietonul.webp?resize=600%2C450&#038;ssl=1\" alt=\"\" class=\"wp-image-461\" srcset=\"https:\/\/i0.wp.com\/b-critic.ro\/efectedescena\/wp-content\/uploads\/2024\/11\/pietonul.webp?w=600&amp;ssl=1 600w, https:\/\/i0.wp.com\/b-critic.ro\/efectedescena\/wp-content\/uploads\/2024\/11\/pietonul.webp?resize=300%2C225&amp;ssl=1 300w\" sizes=\"auto, (max-width: 600px) 100vw, 600px\" \/><\/a><\/figure>\n\n\n\n<figure class=\"wp-block-image size-full\"><a href=\"https:\/\/youtu.be\/ORXZ1AcVCUU?si=hq8v0aAltLY1IzYs\"><img data-recalc-dims=\"1\" loading=\"lazy\" decoding=\"async\" width=\"600\" height=\"450\" data-id=\"466\" src=\"https:\/\/i0.wp.com\/b-critic.ro\/efectedescena\/wp-content\/uploads\/2024\/11\/suceava.webp?resize=600%2C450&#038;ssl=1\" alt=\"\" class=\"wp-image-466\" srcset=\"https:\/\/i0.wp.com\/b-critic.ro\/efectedescena\/wp-content\/uploads\/2024\/11\/suceava.webp?w=600&amp;ssl=1 600w, https:\/\/i0.wp.com\/b-critic.ro\/efectedescena\/wp-content\/uploads\/2024\/11\/suceava.webp?resize=300%2C225&amp;ssl=1 300w\" sizes=\"auto, (max-width: 600px) 100vw, 600px\" \/><\/a><\/figure>\n\n\n\n<figure class=\"wp-block-image size-full\"><a href=\"https:\/\/youtu.be\/mha6VS5HM2A?si=WuoWf2TLlJhc1_4f\"><img data-recalc-dims=\"1\" loading=\"lazy\" decoding=\"async\" width=\"600\" height=\"450\" data-id=\"455\" src=\"https:\/\/i0.wp.com\/b-critic.ro\/efectedescena\/wp-content\/uploads\/2024\/11\/mobila.webp?resize=600%2C450&#038;ssl=1\" alt=\"\" class=\"wp-image-455\" srcset=\"https:\/\/i0.wp.com\/b-critic.ro\/efectedescena\/wp-content\/uploads\/2024\/11\/mobila.webp?w=600&amp;ssl=1 600w, https:\/\/i0.wp.com\/b-critic.ro\/efectedescena\/wp-content\/uploads\/2024\/11\/mobila.webp?resize=300%2C225&amp;ssl=1 300w\" sizes=\"auto, (max-width: 600px) 100vw, 600px\" \/><\/a><\/figure>\n\n\n\n<figure class=\"wp-block-image size-full\"><a href=\"https:\/\/youtu.be\/g53X2bgrFkY?si=ZwtlwF3I89AQ3zKS\"><img data-recalc-dims=\"1\" loading=\"lazy\" decoding=\"async\" width=\"600\" height=\"450\" data-id=\"457\" src=\"https:\/\/i0.wp.com\/b-critic.ro\/efectedescena\/wp-content\/uploads\/2024\/11\/nottara.webp?resize=600%2C450&#038;ssl=1\" alt=\"\" class=\"wp-image-457\" srcset=\"https:\/\/i0.wp.com\/b-critic.ro\/efectedescena\/wp-content\/uploads\/2024\/11\/nottara.webp?w=600&amp;ssl=1 600w, https:\/\/i0.wp.com\/b-critic.ro\/efectedescena\/wp-content\/uploads\/2024\/11\/nottara.webp?resize=300%2C225&amp;ssl=1 300w\" sizes=\"auto, (max-width: 600px) 100vw, 600px\" \/><\/a><\/figure>\n\n\n\n<figure class=\"wp-block-image size-full\"><a href=\"https:\/\/youtu.be\/7jfmnLZUWi0?si=95n5-aRoZtWcejG8\"><img data-recalc-dims=\"1\" loading=\"lazy\" decoding=\"async\" width=\"600\" height=\"450\" data-id=\"450\" src=\"https:\/\/i0.wp.com\/b-critic.ro\/efectedescena\/wp-content\/uploads\/2024\/11\/disparitie.webp?resize=600%2C450&#038;ssl=1\" alt=\"\" class=\"wp-image-450\" srcset=\"https:\/\/i0.wp.com\/b-critic.ro\/efectedescena\/wp-content\/uploads\/2024\/11\/disparitie.webp?w=600&amp;ssl=1 600w, https:\/\/i0.wp.com\/b-critic.ro\/efectedescena\/wp-content\/uploads\/2024\/11\/disparitie.webp?resize=300%2C225&amp;ssl=1 300w\" sizes=\"auto, (max-width: 600px) 100vw, 600px\" \/><\/a><\/figure>\n\n\n\n<figure class=\"wp-block-image size-full\"><a href=\"https:\/\/www.facebook.com\/watch\/?v=863652372596794\"><img data-recalc-dims=\"1\" loading=\"lazy\" decoding=\"async\" width=\"600\" height=\"450\" data-id=\"467\" src=\"https:\/\/i0.wp.com\/b-critic.ro\/efectedescena\/wp-content\/uploads\/2024\/11\/WOYZECK.webp?resize=600%2C450&#038;ssl=1\" alt=\"\" class=\"wp-image-467\" srcset=\"https:\/\/i0.wp.com\/b-critic.ro\/efectedescena\/wp-content\/uploads\/2024\/11\/WOYZECK.webp?w=600&amp;ssl=1 600w, https:\/\/i0.wp.com\/b-critic.ro\/efectedescena\/wp-content\/uploads\/2024\/11\/WOYZECK.webp?resize=300%2C225&amp;ssl=1 300w\" sizes=\"auto, (max-width: 600px) 100vw, 600px\" \/><\/a><\/figure>\n\n\n\n<figure class=\"wp-block-image size-full\"><a href=\"https:\/\/youtu.be\/O9rDXB9dA3k?si=0SEyIPqzpdMJAYIH\"><img data-recalc-dims=\"1\" loading=\"lazy\" decoding=\"async\" width=\"600\" height=\"450\" data-id=\"459\" src=\"https:\/\/i0.wp.com\/b-critic.ro\/efectedescena\/wp-content\/uploads\/2024\/11\/pescarus.webp?resize=600%2C450&#038;ssl=1\" alt=\"\" class=\"wp-image-459\" srcset=\"https:\/\/i0.wp.com\/b-critic.ro\/efectedescena\/wp-content\/uploads\/2024\/11\/pescarus.webp?w=600&amp;ssl=1 600w, https:\/\/i0.wp.com\/b-critic.ro\/efectedescena\/wp-content\/uploads\/2024\/11\/pescarus.webp?resize=300%2C225&amp;ssl=1 300w\" sizes=\"auto, (max-width: 600px) 100vw, 600px\" \/><\/a><\/figure>\n\n\n\n<figure class=\"wp-block-image size-full\"><a href=\"https:\/\/youtu.be\/G0uSJM1rfqU?si=snRAmwVyikkT4FyS\"><img data-recalc-dims=\"1\" loading=\"lazy\" decoding=\"async\" width=\"600\" height=\"450\" data-id=\"445\" src=\"https:\/\/i0.wp.com\/b-critic.ro\/efectedescena\/wp-content\/uploads\/2024\/11\/categoria-b.webp?resize=600%2C450&#038;ssl=1\" alt=\"\" class=\"wp-image-445\" srcset=\"https:\/\/i0.wp.com\/b-critic.ro\/efectedescena\/wp-content\/uploads\/2024\/11\/categoria-b.webp?w=600&amp;ssl=1 600w, https:\/\/i0.wp.com\/b-critic.ro\/efectedescena\/wp-content\/uploads\/2024\/11\/categoria-b.webp?resize=300%2C225&amp;ssl=1 300w\" sizes=\"auto, (max-width: 600px) 100vw, 600px\" \/><\/a><\/figure>\n\n\n\n<figure class=\"wp-block-image size-full\"><a href=\"https:\/\/vimeo.com\/1028480798\"><img data-recalc-dims=\"1\" loading=\"lazy\" decoding=\"async\" width=\"600\" height=\"450\" data-id=\"443\" src=\"https:\/\/i0.wp.com\/b-critic.ro\/efectedescena\/wp-content\/uploads\/2024\/11\/anomalia.webp?resize=600%2C450&#038;ssl=1\" alt=\"\" class=\"wp-image-443\" srcset=\"https:\/\/i0.wp.com\/b-critic.ro\/efectedescena\/wp-content\/uploads\/2024\/11\/anomalia.webp?w=600&amp;ssl=1 600w, https:\/\/i0.wp.com\/b-critic.ro\/efectedescena\/wp-content\/uploads\/2024\/11\/anomalia.webp?resize=300%2C225&amp;ssl=1 300w\" sizes=\"auto, (max-width: 600px) 100vw, 600px\" \/><\/a><\/figure>\n\n\n\n<figure class=\"wp-block-image size-full\"><a href=\"https:\/\/youtu.be\/x7pIA--4kHw?si=-4ntB6TQIvJp3UTM\"><img data-recalc-dims=\"1\" loading=\"lazy\" decoding=\"async\" width=\"600\" height=\"450\" data-id=\"454\" src=\"https:\/\/i0.wp.com\/b-critic.ro\/efectedescena\/wp-content\/uploads\/2024\/11\/mamaia.webp?resize=600%2C450&#038;ssl=1\" alt=\"\" class=\"wp-image-454\" srcset=\"https:\/\/i0.wp.com\/b-critic.ro\/efectedescena\/wp-content\/uploads\/2024\/11\/mamaia.webp?w=600&amp;ssl=1 600w, https:\/\/i0.wp.com\/b-critic.ro\/efectedescena\/wp-content\/uploads\/2024\/11\/mamaia.webp?resize=300%2C225&amp;ssl=1 300w\" sizes=\"auto, (max-width: 600px) 100vw, 600px\" \/><\/a><\/figure>\n\n\n\n<figure class=\"wp-block-image size-full\"><a href=\"https:\/\/vimeo.com\/1028475270\"><img data-recalc-dims=\"1\" loading=\"lazy\" decoding=\"async\" width=\"600\" height=\"450\" data-id=\"448\" src=\"https:\/\/i0.wp.com\/b-critic.ro\/efectedescena\/wp-content\/uploads\/2024\/11\/clara.webp?resize=600%2C450&#038;ssl=1\" alt=\"\" class=\"wp-image-448\" srcset=\"https:\/\/i0.wp.com\/b-critic.ro\/efectedescena\/wp-content\/uploads\/2024\/11\/clara.webp?w=600&amp;ssl=1 600w, https:\/\/i0.wp.com\/b-critic.ro\/efectedescena\/wp-content\/uploads\/2024\/11\/clara.webp?resize=300%2C225&amp;ssl=1 300w\" sizes=\"auto, (max-width: 600px) 100vw, 600px\" \/><\/a><\/figure>\n\n\n\n<figure class=\"wp-block-image size-full\"><a href=\"https:\/\/youtu.be\/wGhmc6chg3g?si=sn4_aK-XC8h7VMVh\"><img data-recalc-dims=\"1\" loading=\"lazy\" decoding=\"async\" width=\"600\" height=\"450\" data-id=\"453\" src=\"https:\/\/i0.wp.com\/b-critic.ro\/efectedescena\/wp-content\/uploads\/2024\/11\/hamlet-craiova.webp?resize=600%2C450&#038;ssl=1\" alt=\"\" class=\"wp-image-453\" srcset=\"https:\/\/i0.wp.com\/b-critic.ro\/efectedescena\/wp-content\/uploads\/2024\/11\/hamlet-craiova.webp?w=600&amp;ssl=1 600w, https:\/\/i0.wp.com\/b-critic.ro\/efectedescena\/wp-content\/uploads\/2024\/11\/hamlet-craiova.webp?resize=300%2C225&amp;ssl=1 300w\" sizes=\"auto, (max-width: 600px) 100vw, 600px\" \/><\/a><\/figure>\n\n\n\n<figure class=\"wp-block-image size-full\"><a href=\"https:\/\/youtu.be\/Vjj7ZapPAXU?si=71n2I_bvSRqbMsJn\"><img data-recalc-dims=\"1\" loading=\"lazy\" decoding=\"async\" width=\"600\" height=\"450\" data-id=\"462\" src=\"https:\/\/i0.wp.com\/b-critic.ro\/efectedescena\/wp-content\/uploads\/2024\/11\/ronde.webp?resize=600%2C450&#038;ssl=1\" alt=\"\" class=\"wp-image-462\" srcset=\"https:\/\/i0.wp.com\/b-critic.ro\/efectedescena\/wp-content\/uploads\/2024\/11\/ronde.webp?w=600&amp;ssl=1 600w, https:\/\/i0.wp.com\/b-critic.ro\/efectedescena\/wp-content\/uploads\/2024\/11\/ronde.webp?resize=300%2C225&amp;ssl=1 300w\" sizes=\"auto, (max-width: 600px) 100vw, 600px\" \/><\/a><\/figure>\n\n\n\n<figure class=\"wp-block-image size-full\"><a href=\"https:\/\/youtu.be\/Nn7-hqShzfs?si=ywT6rQ73O3aAldBR\"><img data-recalc-dims=\"1\" loading=\"lazy\" decoding=\"async\" width=\"600\" height=\"450\" data-id=\"452\" src=\"https:\/\/i0.wp.com\/b-critic.ro\/efectedescena\/wp-content\/uploads\/2024\/11\/ex.webp?resize=600%2C450&#038;ssl=1\" alt=\"\" class=\"wp-image-452\" srcset=\"https:\/\/i0.wp.com\/b-critic.ro\/efectedescena\/wp-content\/uploads\/2024\/11\/ex.webp?w=600&amp;ssl=1 600w, https:\/\/i0.wp.com\/b-critic.ro\/efectedescena\/wp-content\/uploads\/2024\/11\/ex.webp?resize=300%2C225&amp;ssl=1 300w\" sizes=\"auto, (max-width: 600px) 100vw, 600px\" \/><\/a><\/figure>\n\n\n\n<figure class=\"wp-block-image size-full\"><a href=\"https:\/\/youtu.be\/LIZBvbzIeTk?si=ZL6y0qt7IRSI1bY0\"><img data-recalc-dims=\"1\" loading=\"lazy\" decoding=\"async\" width=\"600\" height=\"450\" data-id=\"449\" src=\"https:\/\/i0.wp.com\/b-critic.ro\/efectedescena\/wp-content\/uploads\/2024\/11\/constanta12.webp?resize=600%2C450&#038;ssl=1\" alt=\"\" class=\"wp-image-449\" srcset=\"https:\/\/i0.wp.com\/b-critic.ro\/efectedescena\/wp-content\/uploads\/2024\/11\/constanta12.webp?w=600&amp;ssl=1 600w, https:\/\/i0.wp.com\/b-critic.ro\/efectedescena\/wp-content\/uploads\/2024\/11\/constanta12.webp?resize=300%2C225&amp;ssl=1 300w\" sizes=\"auto, (max-width: 600px) 100vw, 600px\" \/><\/a><\/figure>\n\n\n\n<figure class=\"wp-block-image size-full\"><a href=\"https:\/\/youtu.be\/MugLbRe0SKw?si=ubJ9TDGXrDZerPpc\"><img data-recalc-dims=\"1\" loading=\"lazy\" decoding=\"async\" width=\"600\" height=\"450\" data-id=\"463\" src=\"https:\/\/i0.wp.com\/b-critic.ro\/efectedescena\/wp-content\/uploads\/2024\/11\/rabbit.webp?resize=600%2C450&#038;ssl=1\" alt=\"\" class=\"wp-image-463\" srcset=\"https:\/\/i0.wp.com\/b-critic.ro\/efectedescena\/wp-content\/uploads\/2024\/11\/rabbit.webp?w=600&amp;ssl=1 600w, https:\/\/i0.wp.com\/b-critic.ro\/efectedescena\/wp-content\/uploads\/2024\/11\/rabbit.webp?resize=300%2C225&amp;ssl=1 300w\" sizes=\"auto, (max-width: 600px) 100vw, 600px\" \/><\/a><\/figure>\n\n\n\n<figure class=\"wp-block-image size-full\"><a href=\"https:\/\/youtu.be\/PB0NQY6sxQE?si=QQEiW3x0LSIWEf2N\"><img data-recalc-dims=\"1\" loading=\"lazy\" decoding=\"async\" width=\"600\" height=\"450\" data-id=\"442\" src=\"https:\/\/i0.wp.com\/b-critic.ro\/efectedescena\/wp-content\/uploads\/2024\/11\/bulandra.webp?resize=600%2C450&#038;ssl=1\" alt=\"\" class=\"wp-image-442\" srcset=\"https:\/\/i0.wp.com\/b-critic.ro\/efectedescena\/wp-content\/uploads\/2024\/11\/bulandra.webp?w=600&amp;ssl=1 600w, https:\/\/i0.wp.com\/b-critic.ro\/efectedescena\/wp-content\/uploads\/2024\/11\/bulandra.webp?resize=300%2C225&amp;ssl=1 300w\" sizes=\"auto, (max-width: 600px) 100vw, 600px\" \/><\/a><\/figure>\n\n\n\n<figure class=\"wp-block-image size-full\"><a href=\"https:\/\/www.instagram.com\/reel\/C_k9JhghBmf\/?utm_source=ig_web_copy_link&amp;igsh=MzRlODBiNWFlZA==\" target=\"_blank\" rel=\"noreferrer noopener\"><img data-recalc-dims=\"1\" loading=\"lazy\" decoding=\"async\" width=\"600\" height=\"450\" data-id=\"468\" src=\"https:\/\/i0.wp.com\/b-critic.ro\/efectedescena\/wp-content\/uploads\/2024\/11\/PERICLES.webp?resize=600%2C450&#038;ssl=1\" alt=\"\" class=\"wp-image-468\" srcset=\"https:\/\/i0.wp.com\/b-critic.ro\/efectedescena\/wp-content\/uploads\/2024\/11\/PERICLES.webp?w=600&amp;ssl=1 600w, https:\/\/i0.wp.com\/b-critic.ro\/efectedescena\/wp-content\/uploads\/2024\/11\/PERICLES.webp?resize=300%2C225&amp;ssl=1 300w\" sizes=\"auto, (max-width: 600px) 100vw, 600px\" \/><\/a><\/figure>\n\n\n\n<figure class=\"wp-block-image size-full\"><a href=\"https:\/\/www.facebook.com\/Nottara\/videos\/1712375582867681\/\" target=\"_blank\" rel=\"noreferrer noopener\"><img data-recalc-dims=\"1\" loading=\"lazy\" decoding=\"async\" width=\"600\" height=\"450\" data-id=\"451\" src=\"https:\/\/i0.wp.com\/b-critic.ro\/efectedescena\/wp-content\/uploads\/2024\/11\/Don-Quijote.webp?resize=600%2C450&#038;ssl=1\" alt=\"\" class=\"wp-image-451\" srcset=\"https:\/\/i0.wp.com\/b-critic.ro\/efectedescena\/wp-content\/uploads\/2024\/11\/Don-Quijote.webp?w=600&amp;ssl=1 600w, https:\/\/i0.wp.com\/b-critic.ro\/efectedescena\/wp-content\/uploads\/2024\/11\/Don-Quijote.webp?resize=300%2C225&amp;ssl=1 300w\" sizes=\"auto, (max-width: 600px) 100vw, 600px\" \/><\/a><\/figure>\n\n\n\n<figure class=\"wp-block-image size-full\"><a href=\"https:\/\/youtu.be\/qj4KSjeyH60?si=j4NnzIx7ktJeV8wd\"><img data-recalc-dims=\"1\" loading=\"lazy\" decoding=\"async\" width=\"600\" height=\"450\" data-id=\"446\" src=\"https:\/\/i0.wp.com\/b-critic.ro\/efectedescena\/wp-content\/uploads\/2024\/11\/cj-12.webp?resize=600%2C450&#038;ssl=1\" alt=\"\" class=\"wp-image-446\" srcset=\"https:\/\/i0.wp.com\/b-critic.ro\/efectedescena\/wp-content\/uploads\/2024\/11\/cj-12.webp?w=600&amp;ssl=1 600w, https:\/\/i0.wp.com\/b-critic.ro\/efectedescena\/wp-content\/uploads\/2024\/11\/cj-12.webp?resize=300%2C225&amp;ssl=1 300w\" sizes=\"auto, (max-width: 600px) 100vw, 600px\" \/><\/a><\/figure>\n<\/figure>\n","protected":false},"excerpt":{"rendered":"","protected":false},"author":1,"featured_media":0,"parent":0,"menu_order":0,"comment_status":"closed","ping_status":"closed","template":"","meta":{"advanced_seo_description":"Selec\u021bie video cu trailere din repertoriul teatrelor din Rom\u00e2nia, inclusiv piese care nu sunt incluse \u00een seria Efecte de scen\u0103","jetpack_seo_html_title":"Teatru rom\u00e2nesc: Trailere","jetpack_seo_noindex":false,"footnotes":""},"class_list":["post-425","page","type-page","status-publish","hentry"],"jetpack_sharing_enabled":true,"_links":{"self":[{"href":"https:\/\/b-critic.ro\/efectedescena\/wp-json\/wp\/v2\/pages\/425","targetHints":{"allow":["GET"]}}],"collection":[{"href":"https:\/\/b-critic.ro\/efectedescena\/wp-json\/wp\/v2\/pages"}],"about":[{"href":"https:\/\/b-critic.ro\/efectedescena\/wp-json\/wp\/v2\/types\/page"}],"author":[{"embeddable":true,"href":"https:\/\/b-critic.ro\/efectedescena\/wp-json\/wp\/v2\/users\/1"}],"replies":[{"embeddable":true,"href":"https:\/\/b-critic.ro\/efectedescena\/wp-json\/wp\/v2\/comments?post=425"}],"version-history":[{"count":27,"href":"https:\/\/b-critic.ro\/efectedescena\/wp-json\/wp\/v2\/pages\/425\/revisions"}],"predecessor-version":[{"id":484,"href":"https:\/\/b-critic.ro\/efectedescena\/wp-json\/wp\/v2\/pages\/425\/revisions\/484"}],"wp:attachment":[{"href":"https:\/\/b-critic.ro\/efectedescena\/wp-json\/wp\/v2\/media?parent=425"}],"curies":[{"name":"wp","href":"https:\/\/api.w.org\/{rel}","templated":true}]}}